{"id":5594,"date":"2023-03-22T16:32:27","date_gmt":"2023-03-22T16:32:27","guid":{"rendered":"http:\/\/www.ulusiada.pt\/clima\/?page_id=5594"},"modified":"2023-03-22T16:33:18","modified_gmt":"2023-03-22T16:33:18","slug":"torres-novas","status":"publish","type":"page","link":"https:\/\/www.ulusiada.pt\/clima\/ius-proprium-leis-gerais\/d-duarte\/torres-novas\/","title":{"rendered":"Torres Novas"},"content":{"rendered":"\n<p>Perd\u00e3o que el-rei concedeu aos que foram a T\u00e2nger e estiveram no palanque at\u00e9 ao recolhimento do infante D. Henrique.<\/p>\n","protected":false},"excerpt":{"rendered":"<p>Perd\u00e3o que el-rei concedeu aos que foram a T\u00e2nger e estiveram no palanque at\u00e9 ao recolhimento do infante D. Henrique.<\/p>\n","protected":false},"author":5,"featured_media":0,"parent":116,"menu_order":45,"comment_status":"closed","ping_status":"closed","template":"lei-page.php","meta":[],"acf":[],"_links":{"self":[{"href":"https:\/\/www.ulusiada.pt\/clima\/wp-json\/wp\/v2\/pages\/5594"}],"collection":[{"href":"https:\/\/www.ulusiada.pt\/clima\/wp-json\/wp\/v2\/pages"}],"about":[{"href":"https:\/\/www.ulusiada.pt\/clima\/wp-json\/wp\/v2\/types\/page"}],"author":[{"embeddable":true,"href":"https:\/\/www.ulusiada.pt\/clima\/wp-json\/wp\/v2\/users\/5"}],"replies":[{"embeddable":true,"href":"https:\/\/www.ulusiada.pt\/clima\/wp-json\/wp\/v2\/comments?post=5594"}],"version-history":[{"count":2,"href":"https:\/\/www.ulusiada.pt\/clima\/wp-json\/wp\/v2\/pages\/5594\/revisions"}],"predecessor-version":[{"id":5596,"href":"https:\/\/www.ulusiada.pt\/clima\/wp-json\/wp\/v2\/pages\/5594\/revisions\/5596"}],"up":[{"embeddable":true,"href":"https:\/\/www.ulusiada.pt\/clima\/wp-json\/wp\/v2\/pages\/116"}],"wp:attachment":[{"href":"https:\/\/www.ulusiada.pt\/clima\/wp-json\/wp\/v2\/media?parent=5594"}],"curies":[{"name":"wp","href":"https:\/\/api.w.org\/{rel}","templated":true}]}}