{"id":5603,"date":"2023-03-22T16:39:57","date_gmt":"2023-03-22T16:39:57","guid":{"rendered":"http:\/\/www.ulusiada.pt\/clima\/?page_id=5603"},"modified":"2023-03-22T16:40:48","modified_gmt":"2023-03-22T16:40:48","slug":"carnide-2","status":"publish","type":"page","link":"https:\/\/www.ulusiada.pt\/clima\/ius-proprium-leis-gerais\/d-duarte\/carnide-2\/","title":{"rendered":"Carnide"},"content":{"rendered":"\n<p>Alvar\u00e1 r\u00e9gio que pro\u00edbe ao Desembargo do Pa\u00e7o o conhecimento de feitos de almota\u00e7aria.<\/p>\n","protected":false},"excerpt":{"rendered":"<p>Alvar\u00e1 r\u00e9gio que pro\u00edbe ao Desembargo do Pa\u00e7o o conhecimento de feitos de almota\u00e7aria.<\/p>\n","protected":false},"author":5,"featured_media":0,"parent":116,"menu_order":48,"comment_status":"closed","ping_status":"closed","template":"lei-page.php","meta":[],"acf":[],"_links":{"self":[{"href":"https:\/\/www.ulusiada.pt\/clima\/wp-json\/wp\/v2\/pages\/5603"}],"collection":[{"href":"https:\/\/www.ulusiada.pt\/clima\/wp-json\/wp\/v2\/pages"}],"about":[{"href":"https:\/\/www.ulusiada.pt\/clima\/wp-json\/wp\/v2\/types\/page"}],"author":[{"embeddable":true,"href":"https:\/\/www.ulusiada.pt\/clima\/wp-json\/wp\/v2\/users\/5"}],"replies":[{"embeddable":true,"href":"https:\/\/www.ulusiada.pt\/clima\/wp-json\/wp\/v2\/comments?post=5603"}],"version-history":[{"count":2,"href":"https:\/\/www.ulusiada.pt\/clima\/wp-json\/wp\/v2\/pages\/5603\/revisions"}],"predecessor-version":[{"id":5605,"href":"https:\/\/www.ulusiada.pt\/clima\/wp-json\/wp\/v2\/pages\/5603\/revisions\/5605"}],"up":[{"embeddable":true,"href":"https:\/\/www.ulusiada.pt\/clima\/wp-json\/wp\/v2\/pages\/116"}],"wp:attachment":[{"href":"https:\/\/www.ulusiada.pt\/clima\/wp-json\/wp\/v2\/media?parent=5603"}],"curies":[{"name":"wp","href":"https:\/\/api.w.org\/{rel}","templated":true}]}}