{"id":5618,"date":"2023-03-22T16:59:20","date_gmt":"2023-03-22T16:59:20","guid":{"rendered":"http:\/\/www.ulusiada.pt\/clima\/?page_id=5618"},"modified":"2023-03-22T17:46:22","modified_gmt":"2023-03-22T17:46:22","slug":"lisboa-18","status":"publish","type":"page","link":"https:\/\/www.ulusiada.pt\/clima\/ius-proprium-leis-gerais\/d-duarte\/lisboa-18\/","title":{"rendered":"Lisboa"},"content":{"rendered":"\n<p>Ordena\u00e7\u00e3o para que o judeu n\u00e3o entre em casa de mulher crist\u00e3, nem mulher crist\u00e3 em casa de judeu.<\/p>\n","protected":false},"excerpt":{"rendered":"<p>Ordena\u00e7\u00e3o para que o judeu n\u00e3o entre em casa de mulher crist\u00e3, nem mulher crist\u00e3 em casa de judeu.<\/p>\n","protected":false},"author":5,"featured_media":0,"parent":116,"menu_order":53,"comment_status":"closed","ping_status":"closed","template":"lei-page.php","meta":[],"acf":[],"_links":{"self":[{"href":"https:\/\/www.ulusiada.pt\/clima\/wp-json\/wp\/v2\/pages\/5618"}],"collection":[{"href":"https:\/\/www.ulusiada.pt\/clima\/wp-json\/wp\/v2\/pages"}],"about":[{"href":"https:\/\/www.ulusiada.pt\/clima\/wp-json\/wp\/v2\/types\/page"}],"author":[{"embeddable":true,"href":"https:\/\/www.ulusiada.pt\/clima\/wp-json\/wp\/v2\/users\/5"}],"replies":[{"embeddable":true,"href":"https:\/\/www.ulusiada.pt\/clima\/wp-json\/wp\/v2\/comments?post=5618"}],"version-history":[{"count":3,"href":"https:\/\/www.ulusiada.pt\/clima\/wp-json\/wp\/v2\/pages\/5618\/revisions"}],"predecessor-version":[{"id":5665,"href":"https:\/\/www.ulusiada.pt\/clima\/wp-json\/wp\/v2\/pages\/5618\/revisions\/5665"}],"up":[{"embeddable":true,"href":"https:\/\/www.ulusiada.pt\/clima\/wp-json\/wp\/v2\/pages\/116"}],"wp:attachment":[{"href":"https:\/\/www.ulusiada.pt\/clima\/wp-json\/wp\/v2\/media?parent=5618"}],"curies":[{"name":"wp","href":"https:\/\/api.w.org\/{rel}","templated":true}]}}