{"id":5624,"date":"2023-03-22T17:06:45","date_gmt":"2023-03-22T17:06:45","guid":{"rendered":"http:\/\/www.ulusiada.pt\/clima\/?page_id=5624"},"modified":"2023-03-22T17:47:07","modified_gmt":"2023-03-22T17:47:07","slug":"lisboa-20","status":"publish","type":"page","link":"https:\/\/www.ulusiada.pt\/clima\/ius-proprium-leis-gerais\/d-duarte\/lisboa-20\/","title":{"rendered":"Lisboa"},"content":{"rendered":"\n<p>Ordena\u00e7\u00e3o para que os mouros n\u00e3o tenham servidores crist\u00e3os, nem arrendem as d\u00edzimas ou ofertas das igrejas.<\/p>\n","protected":false},"excerpt":{"rendered":"<p>Ordena\u00e7\u00e3o para que os mouros n\u00e3o tenham servidores crist\u00e3os, nem arrendem as d\u00edzimas ou ofertas das igrejas.<\/p>\n","protected":false},"author":5,"featured_media":0,"parent":116,"menu_order":55,"comment_status":"closed","ping_status":"closed","template":"lei-page.php","meta":[],"acf":[],"_links":{"self":[{"href":"https:\/\/www.ulusiada.pt\/clima\/wp-json\/wp\/v2\/pages\/5624"}],"collection":[{"href":"https:\/\/www.ulusiada.pt\/clima\/wp-json\/wp\/v2\/pages"}],"about":[{"href":"https:\/\/www.ulusiada.pt\/clima\/wp-json\/wp\/v2\/types\/page"}],"author":[{"embeddable":true,"href":"https:\/\/www.ulusiada.pt\/clima\/wp-json\/wp\/v2\/users\/5"}],"replies":[{"embeddable":true,"href":"https:\/\/www.ulusiada.pt\/clima\/wp-json\/wp\/v2\/comments?post=5624"}],"version-history":[{"count":3,"href":"https:\/\/www.ulusiada.pt\/clima\/wp-json\/wp\/v2\/pages\/5624\/revisions"}],"predecessor-version":[{"id":5667,"href":"https:\/\/www.ulusiada.pt\/clima\/wp-json\/wp\/v2\/pages\/5624\/revisions\/5667"}],"up":[{"embeddable":true,"href":"https:\/\/www.ulusiada.pt\/clima\/wp-json\/wp\/v2\/pages\/116"}],"wp:attachment":[{"href":"https:\/\/www.ulusiada.pt\/clima\/wp-json\/wp\/v2\/media?parent=5624"}],"curies":[{"name":"wp","href":"https:\/\/api.w.org\/{rel}","templated":true}]}}