{"id":5627,"date":"2023-03-22T17:09:09","date_gmt":"2023-03-22T17:09:09","guid":{"rendered":"http:\/\/www.ulusiada.pt\/clima\/?page_id=5627"},"modified":"2023-03-22T17:47:27","modified_gmt":"2023-03-22T17:47:27","slug":"lisboa-21","status":"publish","type":"page","link":"https:\/\/www.ulusiada.pt\/clima\/ius-proprium-leis-gerais\/d-duarte\/lisboa-21\/","title":{"rendered":"Lisboa"},"content":{"rendered":"\n<p>Ordena\u00e7\u00e3o para que os mouros n\u00e3o sejam oficiais de el-rei, nem de nenhum dos infantes, nem de quaisquer outro senhor.<\/p>\n","protected":false},"excerpt":{"rendered":"<p>Ordena\u00e7\u00e3o para que os mouros n\u00e3o sejam oficiais de el-rei, nem de nenhum dos infantes, nem de quaisquer outro senhor.<\/p>\n","protected":false},"author":5,"featured_media":0,"parent":116,"menu_order":56,"comment_status":"closed","ping_status":"closed","template":"lei-page.php","meta":[],"acf":[],"_links":{"self":[{"href":"https:\/\/www.ulusiada.pt\/clima\/wp-json\/wp\/v2\/pages\/5627"}],"collection":[{"href":"https:\/\/www.ulusiada.pt\/clima\/wp-json\/wp\/v2\/pages"}],"about":[{"href":"https:\/\/www.ulusiada.pt\/clima\/wp-json\/wp\/v2\/types\/page"}],"author":[{"embeddable":true,"href":"https:\/\/www.ulusiada.pt\/clima\/wp-json\/wp\/v2\/users\/5"}],"replies":[{"embeddable":true,"href":"https:\/\/www.ulusiada.pt\/clima\/wp-json\/wp\/v2\/comments?post=5627"}],"version-history":[{"count":3,"href":"https:\/\/www.ulusiada.pt\/clima\/wp-json\/wp\/v2\/pages\/5627\/revisions"}],"predecessor-version":[{"id":5668,"href":"https:\/\/www.ulusiada.pt\/clima\/wp-json\/wp\/v2\/pages\/5627\/revisions\/5668"}],"up":[{"embeddable":true,"href":"https:\/\/www.ulusiada.pt\/clima\/wp-json\/wp\/v2\/pages\/116"}],"wp:attachment":[{"href":"https:\/\/www.ulusiada.pt\/clima\/wp-json\/wp\/v2\/media?parent=5627"}],"curies":[{"name":"wp","href":"https:\/\/api.w.org\/{rel}","templated":true}]}}