{"id":5642,"date":"2023-03-22T17:22:57","date_gmt":"2023-03-22T17:22:57","guid":{"rendered":"http:\/\/www.ulusiada.pt\/clima\/?page_id=5642"},"modified":"2023-03-22T17:51:18","modified_gmt":"2023-03-22T17:51:18","slug":"lisboa-26","status":"publish","type":"page","link":"https:\/\/www.ulusiada.pt\/clima\/ius-proprium-leis-gerais\/d-duarte\/lisboa-26\/","title":{"rendered":"Lisboa"},"content":{"rendered":"\n<p>Ordena\u00e7\u00e3o que confirma outra de D. Dinis, que estabelece a prioridade da d\u00edvida do credor que primeiro obtiver senten\u00e7a e fizer execu\u00e7\u00e3o, precedendo todas as outras, ainda que alguma seja antecedente no tempo.<\/p>\n","protected":false},"excerpt":{"rendered":"<p>Ordena\u00e7\u00e3o que confirma outra de D. Dinis, que estabelece a prioridade da d\u00edvida do credor que primeiro obtiver senten\u00e7a e fizer execu\u00e7\u00e3o, precedendo todas as outras, ainda que alguma seja antecedente no tempo.<\/p>\n","protected":false},"author":5,"featured_media":0,"parent":116,"menu_order":61,"comment_status":"closed","ping_status":"closed","template":"lei-page.php","meta":[],"acf":[],"_links":{"self":[{"href":"https:\/\/www.ulusiada.pt\/clima\/wp-json\/wp\/v2\/pages\/5642"}],"collection":[{"href":"https:\/\/www.ulusiada.pt\/clima\/wp-json\/wp\/v2\/pages"}],"about":[{"href":"https:\/\/www.ulusiada.pt\/clima\/wp-json\/wp\/v2\/types\/page"}],"author":[{"embeddable":true,"href":"https:\/\/www.ulusiada.pt\/clima\/wp-json\/wp\/v2\/users\/5"}],"replies":[{"embeddable":true,"href":"https:\/\/www.ulusiada.pt\/clima\/wp-json\/wp\/v2\/comments?post=5642"}],"version-history":[{"count":3,"href":"https:\/\/www.ulusiada.pt\/clima\/wp-json\/wp\/v2\/pages\/5642\/revisions"}],"predecessor-version":[{"id":5678,"href":"https:\/\/www.ulusiada.pt\/clima\/wp-json\/wp\/v2\/pages\/5642\/revisions\/5678"}],"up":[{"embeddable":true,"href":"https:\/\/www.ulusiada.pt\/clima\/wp-json\/wp\/v2\/pages\/116"}],"wp:attachment":[{"href":"https:\/\/www.ulusiada.pt\/clima\/wp-json\/wp\/v2\/media?parent=5642"}],"curies":[{"name":"wp","href":"https:\/\/api.w.org\/{rel}","templated":true}]}}