{"id":5648,"date":"2023-03-22T17:32:25","date_gmt":"2023-03-22T17:32:25","guid":{"rendered":"http:\/\/www.ulusiada.pt\/clima\/?page_id=5648"},"modified":"2023-03-22T17:49:57","modified_gmt":"2023-03-22T17:49:57","slug":"lisboa-28","status":"publish","type":"page","link":"https:\/\/www.ulusiada.pt\/clima\/ius-proprium-leis-gerais\/d-duarte\/lisboa-28\/","title":{"rendered":"Lisboa"},"content":{"rendered":"\n<p>Ordena\u00e7\u00e3o que estabelece que quando algu\u00e9m fosse condenado na corte ou na Casa do C\u00edvel por ter casado com duas mulheres, ou com criada daquele com que vive, se n\u00e3o fizesse a execu\u00e7\u00e3o antes de lho comunicarem a el-rei.<\/p>\n","protected":false},"excerpt":{"rendered":"<p>Ordena\u00e7\u00e3o que estabelece que quando algu\u00e9m fosse condenado na corte ou na Casa do C\u00edvel por ter casado com duas mulheres, ou com criada daquele com que vive, se n\u00e3o fizesse a execu\u00e7\u00e3o antes de lho comunicarem a el-rei.<\/p>\n","protected":false},"author":5,"featured_media":0,"parent":116,"menu_order":63,"comment_status":"closed","ping_status":"closed","template":"lei-page.php","meta":[],"acf":[],"_links":{"self":[{"href":"https:\/\/www.ulusiada.pt\/clima\/wp-json\/wp\/v2\/pages\/5648"}],"collection":[{"href":"https:\/\/www.ulusiada.pt\/clima\/wp-json\/wp\/v2\/pages"}],"about":[{"href":"https:\/\/www.ulusiada.pt\/clima\/wp-json\/wp\/v2\/types\/page"}],"author":[{"embeddable":true,"href":"https:\/\/www.ulusiada.pt\/clima\/wp-json\/wp\/v2\/users\/5"}],"replies":[{"embeddable":true,"href":"https:\/\/www.ulusiada.pt\/clima\/wp-json\/wp\/v2\/comments?post=5648"}],"version-history":[{"count":3,"href":"https:\/\/www.ulusiada.pt\/clima\/wp-json\/wp\/v2\/pages\/5648\/revisions"}],"predecessor-version":[{"id":5675,"href":"https:\/\/www.ulusiada.pt\/clima\/wp-json\/wp\/v2\/pages\/5648\/revisions\/5675"}],"up":[{"embeddable":true,"href":"https:\/\/www.ulusiada.pt\/clima\/wp-json\/wp\/v2\/pages\/116"}],"wp:attachment":[{"href":"https:\/\/www.ulusiada.pt\/clima\/wp-json\/wp\/v2\/media?parent=5648"}],"curies":[{"name":"wp","href":"https:\/\/api.w.org\/{rel}","templated":true}]}}