{"id":567,"date":"2012-04-05T19:06:52","date_gmt":"2012-04-05T19:06:52","guid":{"rendered":"http:\/\/www.ulusiada.pt\/clima\/?page_id=567"},"modified":"2012-04-23T11:18:00","modified_gmt":"2012-04-23T11:18:00","slug":"lei-das-jurisdicoes-2","status":"publish","type":"page","link":"https:\/\/www.ulusiada.pt\/clima\/ius-proprium-leis-gerais\/d-fernando\/lei-das-jurisdicoes-2\/","title":{"rendered":"Lei das jurisdi\u00e7\u00f5es"},"content":{"rendered":"<p>Lei sobre a jurisdi\u00e7\u00e3o dos donat\u00e1rios.<\/p>\n","protected":false},"excerpt":{"rendered":"<p>Lei sobre a jurisdi\u00e7\u00e3o dos donat\u00e1rios.<\/p>\n","protected":false},"author":1,"featured_media":0,"parent":105,"menu_order":13,"comment_status":"closed","ping_status":"open","template":"lei-page.php","meta":[],"acf":[],"_links":{"self":[{"href":"https:\/\/www.ulusiada.pt\/clima\/wp-json\/wp\/v2\/pages\/567"}],"collection":[{"href":"https:\/\/www.ulusiada.pt\/clima\/wp-json\/wp\/v2\/pages"}],"about":[{"href":"https:\/\/www.ulusiada.pt\/clima\/wp-json\/wp\/v2\/types\/page"}],"author":[{"embeddable":true,"href":"https:\/\/www.ulusiada.pt\/clima\/wp-json\/wp\/v2\/users\/1"}],"replies":[{"embeddable":true,"href":"https:\/\/www.ulusiada.pt\/clima\/wp-json\/wp\/v2\/comments?post=567"}],"version-history":[{"count":9,"href":"https:\/\/www.ulusiada.pt\/clima\/wp-json\/wp\/v2\/pages\/567\/revisions"}],"predecessor-version":[{"id":569,"href":"https:\/\/www.ulusiada.pt\/clima\/wp-json\/wp\/v2\/pages\/567\/revisions\/569"}],"up":[{"embeddable":true,"href":"https:\/\/www.ulusiada.pt\/clima\/wp-json\/wp\/v2\/pages\/105"}],"wp:attachment":[{"href":"https:\/\/www.ulusiada.pt\/clima\/wp-json\/wp\/v2\/media?parent=567"}],"curies":[{"name":"wp","href":"https:\/\/api.w.org\/{rel}","templated":true}]}}