{"id":578,"date":"2012-04-06T18:13:40","date_gmt":"2012-04-06T18:13:40","guid":{"rendered":"http:\/\/www.ulusiada.pt\/clima\/?page_id=578"},"modified":"2012-04-23T11:16:03","modified_gmt":"2012-04-23T11:16:03","slug":"lei-feitos-dos-judeus","status":"publish","type":"page","link":"https:\/\/www.ulusiada.pt\/clima\/ius-proprium-leis-gerais\/d-fernando\/lei-feitos-dos-judeus\/","title":{"rendered":"Lei feitos dos judeus"},"content":{"rendered":"<p>Lei que estabelece que as justi\u00e7as do reino n\u00e3o conhe\u00e7am nenhuns feitos entre judeus.<\/p>\n","protected":false},"excerpt":{"rendered":"<p>Lei que estabelece que as justi\u00e7as do reino n\u00e3o conhe\u00e7am nenhuns feitos entre judeus.<\/p>\n","protected":false},"author":1,"featured_media":0,"parent":105,"menu_order":15,"comment_status":"closed","ping_status":"open","template":"lei-page.php","meta":[],"acf":[],"_links":{"self":[{"href":"https:\/\/www.ulusiada.pt\/clima\/wp-json\/wp\/v2\/pages\/578"}],"collection":[{"href":"https:\/\/www.ulusiada.pt\/clima\/wp-json\/wp\/v2\/pages"}],"about":[{"href":"https:\/\/www.ulusiada.pt\/clima\/wp-json\/wp\/v2\/types\/page"}],"author":[{"embeddable":true,"href":"https:\/\/www.ulusiada.pt\/clima\/wp-json\/wp\/v2\/users\/1"}],"replies":[{"embeddable":true,"href":"https:\/\/www.ulusiada.pt\/clima\/wp-json\/wp\/v2\/comments?post=578"}],"version-history":[{"count":5,"href":"https:\/\/www.ulusiada.pt\/clima\/wp-json\/wp\/v2\/pages\/578\/revisions"}],"predecessor-version":[{"id":580,"href":"https:\/\/www.ulusiada.pt\/clima\/wp-json\/wp\/v2\/pages\/578\/revisions\/580"}],"up":[{"embeddable":true,"href":"https:\/\/www.ulusiada.pt\/clima\/wp-json\/wp\/v2\/pages\/105"}],"wp:attachment":[{"href":"https:\/\/www.ulusiada.pt\/clima\/wp-json\/wp\/v2\/media?parent=578"}],"curies":[{"name":"wp","href":"https:\/\/api.w.org\/{rel}","templated":true}]}}