{"id":594,"date":"2012-04-07T16:39:31","date_gmt":"2012-04-07T16:39:31","guid":{"rendered":"http:\/\/www.ulusiada.pt\/clima\/?page_id=594"},"modified":"2013-08-20T09:18:08","modified_gmt":"2013-08-20T09:18:08","slug":"lei-da-revelia","status":"publish","type":"page","link":"https:\/\/www.ulusiada.pt\/clima\/ius-proprium-leis-gerais\/d-fernando\/lei-da-revelia\/","title":{"rendered":"Lei da revelia"},"content":{"rendered":"<p>Lei sobre o r\u00e9u que foi citado e n\u00e3o compareceu a ju\u00edzo, como ser\u00e1 dada a revelia contra ele.<\/p>\n","protected":false},"excerpt":{"rendered":"<p>Lei sobre o r\u00e9u que foi citado e n\u00e3o compareceu a ju\u00edzo, como ser\u00e1 dada a revelia contra ele.<\/p>\n","protected":false},"author":1,"featured_media":0,"parent":105,"menu_order":18,"comment_status":"closed","ping_status":"open","template":"lei-page.php","meta":[],"acf":[],"_links":{"self":[{"href":"https:\/\/www.ulusiada.pt\/clima\/wp-json\/wp\/v2\/pages\/594"}],"collection":[{"href":"https:\/\/www.ulusiada.pt\/clima\/wp-json\/wp\/v2\/pages"}],"about":[{"href":"https:\/\/www.ulusiada.pt\/clima\/wp-json\/wp\/v2\/types\/page"}],"author":[{"embeddable":true,"href":"https:\/\/www.ulusiada.pt\/clima\/wp-json\/wp\/v2\/users\/1"}],"replies":[{"embeddable":true,"href":"https:\/\/www.ulusiada.pt\/clima\/wp-json\/wp\/v2\/comments?post=594"}],"version-history":[{"count":8,"href":"https:\/\/www.ulusiada.pt\/clima\/wp-json\/wp\/v2\/pages\/594\/revisions"}],"predecessor-version":[{"id":596,"href":"https:\/\/www.ulusiada.pt\/clima\/wp-json\/wp\/v2\/pages\/594\/revisions\/596"}],"up":[{"embeddable":true,"href":"https:\/\/www.ulusiada.pt\/clima\/wp-json\/wp\/v2\/pages\/105"}],"wp:attachment":[{"href":"https:\/\/www.ulusiada.pt\/clima\/wp-json\/wp\/v2\/media?parent=594"}],"curies":[{"name":"wp","href":"https:\/\/api.w.org\/{rel}","templated":true}]}}