{"id":607,"date":"2012-04-07T17:46:45","date_gmt":"2012-04-07T17:46:45","guid":{"rendered":"http:\/\/www.ulusiada.pt\/clima\/?page_id=607"},"modified":"2012-04-23T10:57:48","modified_gmt":"2012-04-23T10:57:48","slug":"aditamento-lei-das-armas","status":"publish","type":"page","link":"https:\/\/www.ulusiada.pt\/clima\/ius-proprium-leis-gerais\/d-fernando\/aditamento-lei-das-armas\/","title":{"rendered":"Aditamento lei das armas"},"content":{"rendered":"<p>Aditamento \u00e0 ordena\u00e7\u00e3o que proibia o uso de armas.<\/p>\n","protected":false},"excerpt":{"rendered":"<p>Aditamento \u00e0 ordena\u00e7\u00e3o que proibia o uso de armas.<\/p>\n","protected":false},"author":1,"featured_media":0,"parent":105,"menu_order":23,"comment_status":"closed","ping_status":"open","template":"lei-page.php","meta":[],"acf":[],"_links":{"self":[{"href":"https:\/\/www.ulusiada.pt\/clima\/wp-json\/wp\/v2\/pages\/607"}],"collection":[{"href":"https:\/\/www.ulusiada.pt\/clima\/wp-json\/wp\/v2\/pages"}],"about":[{"href":"https:\/\/www.ulusiada.pt\/clima\/wp-json\/wp\/v2\/types\/page"}],"author":[{"embeddable":true,"href":"https:\/\/www.ulusiada.pt\/clima\/wp-json\/wp\/v2\/users\/1"}],"replies":[{"embeddable":true,"href":"https:\/\/www.ulusiada.pt\/clima\/wp-json\/wp\/v2\/comments?post=607"}],"version-history":[{"count":7,"href":"https:\/\/www.ulusiada.pt\/clima\/wp-json\/wp\/v2\/pages\/607\/revisions"}],"predecessor-version":[{"id":609,"href":"https:\/\/www.ulusiada.pt\/clima\/wp-json\/wp\/v2\/pages\/607\/revisions\/609"}],"up":[{"embeddable":true,"href":"https:\/\/www.ulusiada.pt\/clima\/wp-json\/wp\/v2\/pages\/105"}],"wp:attachment":[{"href":"https:\/\/www.ulusiada.pt\/clima\/wp-json\/wp\/v2\/media?parent=607"}],"curies":[{"name":"wp","href":"https:\/\/api.w.org\/{rel}","templated":true}]}}