{"id":612,"date":"2012-04-07T17:58:05","date_gmt":"2012-04-07T17:58:05","guid":{"rendered":"http:\/\/www.ulusiada.pt\/clima\/?page_id=612"},"modified":"2012-05-07T17:38:17","modified_gmt":"2012-05-07T17:38:17","slug":"lei-da-companhia-das-naus","status":"publish","type":"page","link":"https:\/\/www.ulusiada.pt\/clima\/ius-proprium-leis-gerais\/d-fernando\/lei-da-companhia-das-naus\/","title":{"rendered":"Lei da companhia das naus"},"content":{"rendered":"<p>Lei que instituiu a Companhia das Naus, criando as bolsas de Lisboa e do Porto. Segundo este diploma normativo <em>(i)<\/em> todos os navios tilhados de mais de cinquenta ton\u00e9is estavam obrigados a inscrever-se em livros pr\u00f3prios, declarando a data e pre\u00e7o da sua aquisi\u00e7\u00e3o ou data de constru\u00e7\u00e3o e respectivo valor, que passam a ser tributados em duas coroas por cento para a bolsa, sobre os lucros dos fretes e outras coisas; <em>(ii)<\/em> esses dinheiros serviam, sobretudo, para indemnizar os propriet\u00e1rios dos navios perdidos por naufr\u00e1gio ou apresamento e, em caso de insufici\u00eancia das bolsas, seria lan\u00e7ado um tributo sobre os outros navios, proporcional ao seu valor. As regras de administra\u00e7\u00e3o das bolsas, procedimentos de avalia\u00e7\u00e3o e indemniza\u00e7\u00e3o s\u00e3o bem definidas, nomeadamente imputando responsabilidade exclusiva aos propriet\u00e1rios dos navios danificados se o concerto fosse inferior a um ter\u00e7o do valor final da nave, se existisse qualquer m\u00e1-f\u00e9 por parte dos mareantes, se verificasse qualquer falta de seguran\u00e7a, etc.<\/p>\n","protected":false},"excerpt":{"rendered":"<p>Lei que instituiu a Companhia das Naus, criando as bolsas de Lisboa e do Porto. Segundo este diploma normativo (i) todos os navios tilhados de mais de cinquenta ton\u00e9is estavam obrigados a inscrever-se em livros pr\u00f3prios, declarando a data e &hellip; <a href=\"https:\/\/www.ulusiada.pt\/clima\/ius-proprium-leis-gerais\/d-fernando\/lei-da-companhia-das-naus\/\">Continuar a ler <span class=\"meta-nav\">&rarr;<\/span><\/a><\/p>\n","protected":false},"author":1,"featured_media":0,"parent":105,"menu_order":21,"comment_status":"closed","ping_status":"open","template":"lei-page.php","meta":[],"acf":[],"_links":{"self":[{"href":"https:\/\/www.ulusiada.pt\/clima\/wp-json\/wp\/v2\/pages\/612"}],"collection":[{"href":"https:\/\/www.ulusiada.pt\/clima\/wp-json\/wp\/v2\/pages"}],"about":[{"href":"https:\/\/www.ulusiada.pt\/clima\/wp-json\/wp\/v2\/types\/page"}],"author":[{"embeddable":true,"href":"https:\/\/www.ulusiada.pt\/clima\/wp-json\/wp\/v2\/users\/1"}],"replies":[{"embeddable":true,"href":"https:\/\/www.ulusiada.pt\/clima\/wp-json\/wp\/v2\/comments?post=612"}],"version-history":[{"count":16,"href":"https:\/\/www.ulusiada.pt\/clima\/wp-json\/wp\/v2\/pages\/612\/revisions"}],"predecessor-version":[{"id":614,"href":"https:\/\/www.ulusiada.pt\/clima\/wp-json\/wp\/v2\/pages\/612\/revisions\/614"}],"up":[{"embeddable":true,"href":"https:\/\/www.ulusiada.pt\/clima\/wp-json\/wp\/v2\/pages\/105"}],"wp:attachment":[{"href":"https:\/\/www.ulusiada.pt\/clima\/wp-json\/wp\/v2\/media?parent=612"}],"curies":[{"name":"wp","href":"https:\/\/api.w.org\/{rel}","templated":true}]}}