{"id":6191,"date":"2023-04-19T09:28:20","date_gmt":"2023-04-19T09:28:20","guid":{"rendered":"http:\/\/www.ulusiada.pt\/clima\/?page_id=6191"},"modified":"2023-04-19T09:29:01","modified_gmt":"2023-04-19T09:29:01","slug":"lisboa","status":"publish","type":"page","link":"https:\/\/www.ulusiada.pt\/clima\/ius-proprium-leis-gerais\/d-joao-ii\/lisboa\/","title":{"rendered":"Lisboa"},"content":{"rendered":"\n<p>Condi\u00e7\u00f5es de lan\u00e7amento e cobran\u00e7a do pedido.<\/p>\n","protected":false},"excerpt":{"rendered":"<p>Condi\u00e7\u00f5es de lan\u00e7amento e cobran\u00e7a do pedido.<\/p>\n","protected":false},"author":5,"featured_media":0,"parent":128,"menu_order":4,"comment_status":"closed","ping_status":"closed","template":"lei-page.php","meta":[],"acf":[],"_links":{"self":[{"href":"https:\/\/www.ulusiada.pt\/clima\/wp-json\/wp\/v2\/pages\/6191"}],"collection":[{"href":"https:\/\/www.ulusiada.pt\/clima\/wp-json\/wp\/v2\/pages"}],"about":[{"href":"https:\/\/www.ulusiada.pt\/clima\/wp-json\/wp\/v2\/types\/page"}],"author":[{"embeddable":true,"href":"https:\/\/www.ulusiada.pt\/clima\/wp-json\/wp\/v2\/users\/5"}],"replies":[{"embeddable":true,"href":"https:\/\/www.ulusiada.pt\/clima\/wp-json\/wp\/v2\/comments?post=6191"}],"version-history":[{"count":2,"href":"https:\/\/www.ulusiada.pt\/clima\/wp-json\/wp\/v2\/pages\/6191\/revisions"}],"predecessor-version":[{"id":6193,"href":"https:\/\/www.ulusiada.pt\/clima\/wp-json\/wp\/v2\/pages\/6191\/revisions\/6193"}],"up":[{"embeddable":true,"href":"https:\/\/www.ulusiada.pt\/clima\/wp-json\/wp\/v2\/pages\/128"}],"wp:attachment":[{"href":"https:\/\/www.ulusiada.pt\/clima\/wp-json\/wp\/v2\/media?parent=6191"}],"curies":[{"name":"wp","href":"https:\/\/api.w.org\/{rel}","templated":true}]}}