{"id":6198,"date":"2023-04-20T10:16:23","date_gmt":"2023-04-20T10:16:23","guid":{"rendered":"http:\/\/www.ulusiada.pt\/clima\/?page_id=6198"},"modified":"2023-04-20T10:17:11","modified_gmt":"2023-04-20T10:17:11","slug":"santarem","status":"publish","type":"page","link":"https:\/\/www.ulusiada.pt\/clima\/ius-proprium-leis-gerais\/d-joao-ii\/santarem\/","title":{"rendered":"Santar\u00e9m"},"content":{"rendered":"\n<p>Ordena\u00e7\u00e3o pragm\u00e1tica sobre o vestir.<\/p>\n","protected":false},"excerpt":{"rendered":"<p>Ordena\u00e7\u00e3o pragm\u00e1tica sobre o vestir.<\/p>\n","protected":false},"author":5,"featured_media":0,"parent":128,"menu_order":6,"comment_status":"closed","ping_status":"closed","template":"lei-page.php","meta":[],"acf":[],"_links":{"self":[{"href":"https:\/\/www.ulusiada.pt\/clima\/wp-json\/wp\/v2\/pages\/6198"}],"collection":[{"href":"https:\/\/www.ulusiada.pt\/clima\/wp-json\/wp\/v2\/pages"}],"about":[{"href":"https:\/\/www.ulusiada.pt\/clima\/wp-json\/wp\/v2\/types\/page"}],"author":[{"embeddable":true,"href":"https:\/\/www.ulusiada.pt\/clima\/wp-json\/wp\/v2\/users\/5"}],"replies":[{"embeddable":true,"href":"https:\/\/www.ulusiada.pt\/clima\/wp-json\/wp\/v2\/comments?post=6198"}],"version-history":[{"count":2,"href":"https:\/\/www.ulusiada.pt\/clima\/wp-json\/wp\/v2\/pages\/6198\/revisions"}],"predecessor-version":[{"id":6200,"href":"https:\/\/www.ulusiada.pt\/clima\/wp-json\/wp\/v2\/pages\/6198\/revisions\/6200"}],"up":[{"embeddable":true,"href":"https:\/\/www.ulusiada.pt\/clima\/wp-json\/wp\/v2\/pages\/128"}],"wp:attachment":[{"href":"https:\/\/www.ulusiada.pt\/clima\/wp-json\/wp\/v2\/media?parent=6198"}],"curies":[{"name":"wp","href":"https:\/\/api.w.org\/{rel}","templated":true}]}}