{"id":6204,"date":"2023-04-20T10:20:45","date_gmt":"2023-04-20T10:20:45","guid":{"rendered":"http:\/\/www.ulusiada.pt\/clima\/?page_id=6204"},"modified":"2023-04-20T10:21:26","modified_gmt":"2023-04-20T10:21:26","slug":"porto-4","status":"publish","type":"page","link":"https:\/\/www.ulusiada.pt\/clima\/ius-proprium-leis-gerais\/d-joao-ii\/porto-4\/","title":{"rendered":"Porto"},"content":{"rendered":"\n<p>Alvar\u00e1 que pro\u00edbe que se levem couros para fora do reino, por mais tr\u00eas anos.<\/p>\n","protected":false},"excerpt":{"rendered":"<p>Alvar\u00e1 que pro\u00edbe que se levem couros para fora do reino, por mais tr\u00eas anos.<\/p>\n","protected":false},"author":5,"featured_media":0,"parent":128,"menu_order":8,"comment_status":"closed","ping_status":"closed","template":"lei-page.php","meta":[],"acf":[],"_links":{"self":[{"href":"https:\/\/www.ulusiada.pt\/clima\/wp-json\/wp\/v2\/pages\/6204"}],"collection":[{"href":"https:\/\/www.ulusiada.pt\/clima\/wp-json\/wp\/v2\/pages"}],"about":[{"href":"https:\/\/www.ulusiada.pt\/clima\/wp-json\/wp\/v2\/types\/page"}],"author":[{"embeddable":true,"href":"https:\/\/www.ulusiada.pt\/clima\/wp-json\/wp\/v2\/users\/5"}],"replies":[{"embeddable":true,"href":"https:\/\/www.ulusiada.pt\/clima\/wp-json\/wp\/v2\/comments?post=6204"}],"version-history":[{"count":2,"href":"https:\/\/www.ulusiada.pt\/clima\/wp-json\/wp\/v2\/pages\/6204\/revisions"}],"predecessor-version":[{"id":6206,"href":"https:\/\/www.ulusiada.pt\/clima\/wp-json\/wp\/v2\/pages\/6204\/revisions\/6206"}],"up":[{"embeddable":true,"href":"https:\/\/www.ulusiada.pt\/clima\/wp-json\/wp\/v2\/pages\/128"}],"wp:attachment":[{"href":"https:\/\/www.ulusiada.pt\/clima\/wp-json\/wp\/v2\/media?parent=6204"}],"curies":[{"name":"wp","href":"https:\/\/api.w.org\/{rel}","templated":true}]}}