{"id":621,"date":"2012-04-07T18:10:38","date_gmt":"2012-04-07T18:10:38","guid":{"rendered":"http:\/\/www.ulusiada.pt\/clima\/?page_id=621"},"modified":"2012-04-23T10:52:35","modified_gmt":"2012-04-23T10:52:35","slug":"lei-das-armas","status":"publish","type":"page","link":"https:\/\/www.ulusiada.pt\/clima\/ius-proprium-leis-gerais\/d-fernando\/lei-das-armas\/","title":{"rendered":"Lei das armas"},"content":{"rendered":"<p>Ordena\u00e7\u00e3o proibindo que tragam armas na Corte ou nos lugares onde ela for, salvo os cavaleiros de espada \u00e0 cinta. Isto se n\u00e3o entenda nos oficiais de justi\u00e7a que s\u00e3o eleitos para prender os malfeitores. Os que forem contra esta ordena\u00e7\u00e3o percam as armas que lhe forem achadas e n\u00e3o se possam escusar por cartas ou alvar\u00e1s que tenham, salvo os que forem dados por el-rei depois deste mandado.<\/p>\n","protected":false},"excerpt":{"rendered":"<p>Ordena\u00e7\u00e3o proibindo que tragam armas na Corte ou nos lugares onde ela for, salvo os cavaleiros de espada \u00e0 cinta. Isto se n\u00e3o entenda nos oficiais de justi\u00e7a que s\u00e3o eleitos para prender os malfeitores. Os que forem contra esta &hellip; <a href=\"https:\/\/www.ulusiada.pt\/clima\/ius-proprium-leis-gerais\/d-fernando\/lei-das-armas\/\">Continuar a ler <span class=\"meta-nav\">&rarr;<\/span><\/a><\/p>\n","protected":false},"author":1,"featured_media":0,"parent":105,"menu_order":25,"comment_status":"closed","ping_status":"open","template":"lei-page.php","meta":[],"acf":[],"_links":{"self":[{"href":"https:\/\/www.ulusiada.pt\/clima\/wp-json\/wp\/v2\/pages\/621"}],"collection":[{"href":"https:\/\/www.ulusiada.pt\/clima\/wp-json\/wp\/v2\/pages"}],"about":[{"href":"https:\/\/www.ulusiada.pt\/clima\/wp-json\/wp\/v2\/types\/page"}],"author":[{"embeddable":true,"href":"https:\/\/www.ulusiada.pt\/clima\/wp-json\/wp\/v2\/users\/1"}],"replies":[{"embeddable":true,"href":"https:\/\/www.ulusiada.pt\/clima\/wp-json\/wp\/v2\/comments?post=621"}],"version-history":[{"count":3,"href":"https:\/\/www.ulusiada.pt\/clima\/wp-json\/wp\/v2\/pages\/621\/revisions"}],"predecessor-version":[{"id":623,"href":"https:\/\/www.ulusiada.pt\/clima\/wp-json\/wp\/v2\/pages\/621\/revisions\/623"}],"up":[{"embeddable":true,"href":"https:\/\/www.ulusiada.pt\/clima\/wp-json\/wp\/v2\/pages\/105"}],"wp:attachment":[{"href":"https:\/\/www.ulusiada.pt\/clima\/wp-json\/wp\/v2\/media?parent=621"}],"curies":[{"name":"wp","href":"https:\/\/api.w.org\/{rel}","templated":true}]}}