{"id":6223,"date":"2023-04-20T10:50:52","date_gmt":"2023-04-20T10:50:52","guid":{"rendered":"http:\/\/www.ulusiada.pt\/clima\/?page_id=6223"},"modified":"2023-04-20T10:51:40","modified_gmt":"2023-04-20T10:51:40","slug":"lisboa-2","status":"publish","type":"page","link":"https:\/\/www.ulusiada.pt\/clima\/ius-proprium-leis-gerais\/d-joao-ii\/lisboa-2\/","title":{"rendered":"Lisboa"},"content":{"rendered":"\n<p>Carta em nome do rei passada a requerimento de Afonso Pereira, fidalgo da Casa e alcaide-mor de Santar\u00e9m, na qual se acha inclu\u00edda uma ordena\u00e7\u00e3o que estava na chancelaria a respeito dos que advogam contra o alcaide ou tom\u00e3o armas contra ele.<\/p>\n","protected":false},"excerpt":{"rendered":"<p>Carta em nome do rei passada a requerimento de Afonso Pereira, fidalgo da Casa e alcaide-mor de Santar\u00e9m, na qual se acha inclu\u00edda uma ordena\u00e7\u00e3o que estava na chancelaria a respeito dos que advogam contra o alcaide ou tom\u00e3o armas &hellip; <a href=\"https:\/\/www.ulusiada.pt\/clima\/ius-proprium-leis-gerais\/d-joao-ii\/lisboa-2\/\">Continuar a ler <span class=\"meta-nav\">&rarr;<\/span><\/a><\/p>\n","protected":false},"author":5,"featured_media":0,"parent":128,"menu_order":14,"comment_status":"closed","ping_status":"closed","template":"lei-page.php","meta":[],"acf":[],"_links":{"self":[{"href":"https:\/\/www.ulusiada.pt\/clima\/wp-json\/wp\/v2\/pages\/6223"}],"collection":[{"href":"https:\/\/www.ulusiada.pt\/clima\/wp-json\/wp\/v2\/pages"}],"about":[{"href":"https:\/\/www.ulusiada.pt\/clima\/wp-json\/wp\/v2\/types\/page"}],"author":[{"embeddable":true,"href":"https:\/\/www.ulusiada.pt\/clima\/wp-json\/wp\/v2\/users\/5"}],"replies":[{"embeddable":true,"href":"https:\/\/www.ulusiada.pt\/clima\/wp-json\/wp\/v2\/comments?post=6223"}],"version-history":[{"count":2,"href":"https:\/\/www.ulusiada.pt\/clima\/wp-json\/wp\/v2\/pages\/6223\/revisions"}],"predecessor-version":[{"id":6225,"href":"https:\/\/www.ulusiada.pt\/clima\/wp-json\/wp\/v2\/pages\/6223\/revisions\/6225"}],"up":[{"embeddable":true,"href":"https:\/\/www.ulusiada.pt\/clima\/wp-json\/wp\/v2\/pages\/128"}],"wp:attachment":[{"href":"https:\/\/www.ulusiada.pt\/clima\/wp-json\/wp\/v2\/media?parent=6223"}],"curies":[{"name":"wp","href":"https:\/\/api.w.org\/{rel}","templated":true}]}}