{"id":6233,"date":"2023-04-20T11:02:35","date_gmt":"2023-04-20T11:02:35","guid":{"rendered":"http:\/\/www.ulusiada.pt\/clima\/?page_id=6233"},"modified":"2023-04-20T11:03:53","modified_gmt":"2023-04-20T11:03:53","slug":"evora-3","status":"publish","type":"page","link":"https:\/\/www.ulusiada.pt\/clima\/ius-proprium-leis-gerais\/d-joao-ii\/evora-3\/","title":{"rendered":"\u00c9vora"},"content":{"rendered":"\n<p>Ordena\u00e7\u00e3o com os privil\u00e9gios a todos os que se convertem \u00e0 religi\u00e3o crist\u00e3.<\/p>\n","protected":false},"excerpt":{"rendered":"<p>Ordena\u00e7\u00e3o com os privil\u00e9gios a todos os que se convertem \u00e0 religi\u00e3o crist\u00e3.<\/p>\n","protected":false},"author":5,"featured_media":0,"parent":128,"menu_order":17,"comment_status":"closed","ping_status":"closed","template":"lei-page.php","meta":[],"acf":[],"_links":{"self":[{"href":"https:\/\/www.ulusiada.pt\/clima\/wp-json\/wp\/v2\/pages\/6233"}],"collection":[{"href":"https:\/\/www.ulusiada.pt\/clima\/wp-json\/wp\/v2\/pages"}],"about":[{"href":"https:\/\/www.ulusiada.pt\/clima\/wp-json\/wp\/v2\/types\/page"}],"author":[{"embeddable":true,"href":"https:\/\/www.ulusiada.pt\/clima\/wp-json\/wp\/v2\/users\/5"}],"replies":[{"embeddable":true,"href":"https:\/\/www.ulusiada.pt\/clima\/wp-json\/wp\/v2\/comments?post=6233"}],"version-history":[{"count":2,"href":"https:\/\/www.ulusiada.pt\/clima\/wp-json\/wp\/v2\/pages\/6233\/revisions"}],"predecessor-version":[{"id":6235,"href":"https:\/\/www.ulusiada.pt\/clima\/wp-json\/wp\/v2\/pages\/6233\/revisions\/6235"}],"up":[{"embeddable":true,"href":"https:\/\/www.ulusiada.pt\/clima\/wp-json\/wp\/v2\/pages\/128"}],"wp:attachment":[{"href":"https:\/\/www.ulusiada.pt\/clima\/wp-json\/wp\/v2\/media?parent=6233"}],"curies":[{"name":"wp","href":"https:\/\/api.w.org\/{rel}","templated":true}]}}