{"id":63,"date":"2012-03-06T11:24:50","date_gmt":"2012-03-06T11:24:50","guid":{"rendered":"http:\/\/www.ulusiada.pt\/clima\/?page_id=63"},"modified":"2023-03-06T15:45:57","modified_gmt":"2023-03-06T15:45:57","slug":"ius-proprium-leis-gerais","status":"publish","type":"page","link":"https:\/\/www.ulusiada.pt\/clima\/ius-proprium-leis-gerais\/","title":{"rendered":"IUS PROPRIUM &#8211; Leis Gerais"},"content":{"rendered":"<p>Informa\u00e7\u00e3o geral sobre as Leis Gerais.<\/p>\n<p>Descri\u00e7\u00e3o do conte\u00fado da categoria, incluindo a distribui\u00e7\u00e3o das v\u00e1rias leis gerais por reinados, estes \u00faltimos ordenados cronologicamente no menu lateral direito.<\/p>\n","protected":false},"excerpt":{"rendered":"<p>Informa\u00e7\u00e3o geral sobre as Leis Gerais. Descri\u00e7\u00e3o do conte\u00fado da categoria, incluindo a distribui\u00e7\u00e3o das v\u00e1rias leis gerais por reinados, estes \u00faltimos ordenados cronologicamente no menu lateral direito.<\/p>\n","protected":false},"author":1,"featured_media":0,"parent":0,"menu_order":29,"comment_status":"closed","ping_status":"closed","template":"sidebar-page.php","meta":[],"acf":[],"_links":{"self":[{"href":"https:\/\/www.ulusiada.pt\/clima\/wp-json\/wp\/v2\/pages\/63"}],"collection":[{"href":"https:\/\/www.ulusiada.pt\/clima\/wp-json\/wp\/v2\/pages"}],"about":[{"href":"https:\/\/www.ulusiada.pt\/clima\/wp-json\/wp\/v2\/types\/page"}],"author":[{"embeddable":true,"href":"https:\/\/www.ulusiada.pt\/clima\/wp-json\/wp\/v2\/users\/1"}],"replies":[{"embeddable":true,"href":"https:\/\/www.ulusiada.pt\/clima\/wp-json\/wp\/v2\/comments?post=63"}],"version-history":[{"count":1,"href":"https:\/\/www.ulusiada.pt\/clima\/wp-json\/wp\/v2\/pages\/63\/revisions"}],"predecessor-version":[{"id":519,"href":"https:\/\/www.ulusiada.pt\/clima\/wp-json\/wp\/v2\/pages\/63\/revisions\/519"}],"wp:attachment":[{"href":"https:\/\/www.ulusiada.pt\/clima\/wp-json\/wp\/v2\/media?parent=63"}],"curies":[{"name":"wp","href":"https:\/\/api.w.org\/{rel}","templated":true}]}}