{"id":65,"date":"2012-03-06T11:27:55","date_gmt":"2012-03-06T11:27:55","guid":{"rendered":"http:\/\/www.ulusiada.pt\/clima\/?page_id=65"},"modified":"2012-10-09T18:02:29","modified_gmt":"2012-10-09T18:02:29","slug":"d-afonso-henriques","status":"publish","type":"page","link":"https:\/\/www.ulusiada.pt\/clima\/ius-proprium-leis-gerais\/d-afonso-henriques\/","title":{"rendered":"D. Afonso Henriques (1139-1185)"},"content":{"rendered":"<p><a href=\"http:\/\/www.ulusiada.pt\/clima\/wp-content\/uploads\/2012\/03\/01_afonso12.jpg\"><img decoding=\"async\" loading=\"lazy\" class=\"alignleft size-full wp-image-2852\" title=\"01_afonso1\" src=\"http:\/\/www.ulusiada.pt\/clima\/wp-content\/uploads\/2012\/03\/01_afonso12.jpg\" alt=\"\" width=\"239\" height=\"300\" \/><\/a>&#8220;o conde dom anrique uoso octouo auo Jazendo doente em astorga sua \u00e7idade de dor da qual morreo \u00e7hamou seu filho dom afonso anrriquez uoso vij auo o primeiro rey de portugal e antre as cousas que lhe especialmente encomendou foy que fose companheiro aos fidalgos, e lhes dese todos seus direitos, e aos con\u00e7elhos que fizese sempre muyta honrra de guysa que ouuesem todos seus direitos asy grandes como pequenos e <strong>que por roguo nem por cobi\u00e7a nunqa\u00a0sua Justi\u00e7a pere\u00e7ese, qua se\u00a0h\u00fc dia deixando de a fazer\u00a0a afastasse de sy\u00a0h\u00fc palmo em outro dia se\u00a0afastarya de sy e de seu cora\u00e7\u00e3o\u00a0h\u00fca bra\u00e7ada<\/strong>, e que porem tyuesse sempre Justi\u00e7a e a amase em seu cora\u00e7\u00e3o que o amaria deus e as gentes e que non consentysse em nenh\u00fca guysa que seus homens fosem soberuosos nem atreuydos em mal que se o non uedasse perderja o seu bom pre\u00e7o&#8221;.<\/p>\n<p style=\"padding-left: 30px;\">\u00a0(1433.12.05 &#8211; Conselho do Bispo do Porto a D. Duarte, no <strong><em>Livro dos Conselhos de D. Duarte<\/em><\/strong>, fls. 91-91v)<\/p>\n","protected":false},"excerpt":{"rendered":"<p>&#8220;o conde dom anrique uoso octouo auo Jazendo doente em astorga sua \u00e7idade de dor da qual morreo \u00e7hamou seu filho dom afonso anrriquez uoso vij auo o primeiro rey de portugal e antre as cousas que lhe especialmente encomendou &hellip; <a href=\"https:\/\/www.ulusiada.pt\/clima\/ius-proprium-leis-gerais\/d-afonso-henriques\/\">Continuar a ler <span class=\"meta-nav\">&rarr;<\/span><\/a><\/p>\n","protected":false},"author":1,"featured_media":0,"parent":63,"menu_order":1,"comment_status":"closed","ping_status":"closed","template":"rei-page.php","meta":[],"acf":[],"_links":{"self":[{"href":"https:\/\/www.ulusiada.pt\/clima\/wp-json\/wp\/v2\/pages\/65"}],"collection":[{"href":"https:\/\/www.ulusiada.pt\/clima\/wp-json\/wp\/v2\/pages"}],"about":[{"href":"https:\/\/www.ulusiada.pt\/clima\/wp-json\/wp\/v2\/types\/page"}],"author":[{"embeddable":true,"href":"https:\/\/www.ulusiada.pt\/clima\/wp-json\/wp\/v2\/users\/1"}],"replies":[{"embeddable":true,"href":"https:\/\/www.ulusiada.pt\/clima\/wp-json\/wp\/v2\/comments?post=65"}],"version-history":[{"count":8,"href":"https:\/\/www.ulusiada.pt\/clima\/wp-json\/wp\/v2\/pages\/65\/revisions"}],"predecessor-version":[{"id":1068,"href":"https:\/\/www.ulusiada.pt\/clima\/wp-json\/wp\/v2\/pages\/65\/revisions\/1068"}],"up":[{"embeddable":true,"href":"https:\/\/www.ulusiada.pt\/clima\/wp-json\/wp\/v2\/pages\/63"}],"wp:attachment":[{"href":"https:\/\/www.ulusiada.pt\/clima\/wp-json\/wp\/v2\/media?parent=65"}],"curies":[{"name":"wp","href":"https:\/\/api.w.org\/{rel}","templated":true}]}}