{"id":675,"date":"2012-04-16T14:27:49","date_gmt":"2012-04-16T14:27:49","guid":{"rendered":"http:\/\/www.ulusiada.pt\/clima\/?page_id=675"},"modified":"2012-04-23T11:08:11","modified_gmt":"2012-04-23T11:08:11","slug":"lei-das-aposentadorias","status":"publish","type":"page","link":"https:\/\/www.ulusiada.pt\/clima\/ius-proprium-leis-gerais\/d-fernando\/lei-das-aposentadorias\/","title":{"rendered":"lei das aposentadorias"},"content":{"rendered":"<p>Lei das aposentadorias que apenas podiam ser atribuidas por el-rei e seus desembargadores e n\u00e3o pelos concelhos ou fidalgos. O requerente teria que <em>(i)<\/em> comparecer perante os desembargadores de el-rei, que, se por ind\u00edcios aparentes, entendessem que poderia ter mais de setenta anos, passar-lhe-iam carta para se tirar inquiri\u00e7\u00e3o de testemunhas na terra sobre a sua idade; <em>(ii)<\/em> as inquiri\u00e7\u00f5es na terra seriam organizadas pelo almoxarife, o escriv\u00e3o do lugar e o procurador do concelho, que as remeteriam conclusas aos desembargadores <em>(iii)<\/em> estes s\u00f3 passariam a respectiva carta de pousado se considerassem provada a idade de setenta anos.<\/p>\n","protected":false},"excerpt":{"rendered":"<p>Lei das aposentadorias que apenas podiam ser atribuidas por el-rei e seus desembargadores e n\u00e3o pelos concelhos ou fidalgos. O requerente teria que (i) comparecer perante os desembargadores de el-rei, que, se por ind\u00edcios aparentes, entendessem que poderia ter mais &hellip; <a href=\"https:\/\/www.ulusiada.pt\/clima\/ius-proprium-leis-gerais\/d-fernando\/lei-das-aposentadorias\/\">Continuar a ler <span class=\"meta-nav\">&rarr;<\/span><\/a><\/p>\n","protected":false},"author":1,"featured_media":0,"parent":105,"menu_order":20,"comment_status":"closed","ping_status":"open","template":"lei-page.php","meta":[],"acf":[],"_links":{"self":[{"href":"https:\/\/www.ulusiada.pt\/clima\/wp-json\/wp\/v2\/pages\/675"}],"collection":[{"href":"https:\/\/www.ulusiada.pt\/clima\/wp-json\/wp\/v2\/pages"}],"about":[{"href":"https:\/\/www.ulusiada.pt\/clima\/wp-json\/wp\/v2\/types\/page"}],"author":[{"embeddable":true,"href":"https:\/\/www.ulusiada.pt\/clima\/wp-json\/wp\/v2\/users\/1"}],"replies":[{"embeddable":true,"href":"https:\/\/www.ulusiada.pt\/clima\/wp-json\/wp\/v2\/comments?post=675"}],"version-history":[{"count":6,"href":"https:\/\/www.ulusiada.pt\/clima\/wp-json\/wp\/v2\/pages\/675\/revisions"}],"predecessor-version":[{"id":677,"href":"https:\/\/www.ulusiada.pt\/clima\/wp-json\/wp\/v2\/pages\/675\/revisions\/677"}],"up":[{"embeddable":true,"href":"https:\/\/www.ulusiada.pt\/clima\/wp-json\/wp\/v2\/pages\/105"}],"wp:attachment":[{"href":"https:\/\/www.ulusiada.pt\/clima\/wp-json\/wp\/v2\/media?parent=675"}],"curies":[{"name":"wp","href":"https:\/\/api.w.org\/{rel}","templated":true}]}}