{"id":78,"date":"2012-03-06T12:09:34","date_gmt":"2012-03-06T12:09:34","guid":{"rendered":"http:\/\/www.ulusiada.pt\/clima\/?page_id=78"},"modified":"2012-10-09T16:22:48","modified_gmt":"2012-10-09T16:22:48","slug":"d-afonso-ii","status":"publish","type":"page","link":"https:\/\/www.ulusiada.pt\/clima\/ius-proprium-leis-gerais\/d-afonso-ii\/","title":{"rendered":"D. Afonso II (1211-1223)"},"content":{"rendered":"<p><a href=\"http:\/\/www.ulusiada.pt\/clima\/wp-content\/uploads\/2012\/03\/01_afonso21.jpg\"><img decoding=\"async\" loading=\"lazy\" class=\"alignleft size-full wp-image-2857\" title=\"01_afonso2\" src=\"http:\/\/www.ulusiada.pt\/clima\/wp-content\/uploads\/2012\/03\/01_afonso21.jpg\" alt=\"\" width=\"239\" height=\"300\" \/><\/a>&#8220;<strong>Aquy se come\u00e7am as leis E ordinha\u00e7o\u00f5es E custumes do rregno os quaes fez el Rey dom afonso filho del Rej dom sancho E da rrainha dona do\u00e7e<\/strong>&#8221;<br \/>\n[ODD, fl. ]<\/p>\n<ul>\n<li>\n<div style=\"padding-left: 60px;\">Leis gerais &#8211; 31.<\/div>\n<\/li>\n<\/ul>\n","protected":false},"excerpt":{"rendered":"<p>&#8220;Aquy se come\u00e7am as leis E ordinha\u00e7o\u00f5es E custumes do rregno os quaes fez el Rey dom afonso filho del Rej dom sancho E da rrainha dona do\u00e7e&#8221; [ODD, fl. ] Leis gerais &#8211; 31.<\/p>\n","protected":false},"author":1,"featured_media":0,"parent":63,"menu_order":3,"comment_status":"closed","ping_status":"closed","template":"rei-page.php","meta":[],"acf":[],"_links":{"self":[{"href":"https:\/\/www.ulusiada.pt\/clima\/wp-json\/wp\/v2\/pages\/78"}],"collection":[{"href":"https:\/\/www.ulusiada.pt\/clima\/wp-json\/wp\/v2\/pages"}],"about":[{"href":"https:\/\/www.ulusiada.pt\/clima\/wp-json\/wp\/v2\/types\/page"}],"author":[{"embeddable":true,"href":"https:\/\/www.ulusiada.pt\/clima\/wp-json\/wp\/v2\/users\/1"}],"replies":[{"embeddable":true,"href":"https:\/\/www.ulusiada.pt\/clima\/wp-json\/wp\/v2\/comments?post=78"}],"version-history":[{"count":5,"href":"https:\/\/www.ulusiada.pt\/clima\/wp-json\/wp\/v2\/pages\/78\/revisions"}],"predecessor-version":[{"id":654,"href":"https:\/\/www.ulusiada.pt\/clima\/wp-json\/wp\/v2\/pages\/78\/revisions\/654"}],"up":[{"embeddable":true,"href":"https:\/\/www.ulusiada.pt\/clima\/wp-json\/wp\/v2\/pages\/63"}],"wp:attachment":[{"href":"https:\/\/www.ulusiada.pt\/clima\/wp-json\/wp\/v2\/media?parent=78"}],"curies":[{"name":"wp","href":"https:\/\/api.w.org\/{rel}","templated":true}]}}