{"id":830,"date":"2012-04-24T10:02:19","date_gmt":"2012-04-24T10:02:19","guid":{"rendered":"http:\/\/www.ulusiada.pt\/clima\/?page_id=830"},"modified":"2012-04-24T11:00:09","modified_gmt":"2012-04-24T11:00:09","slug":"lei-dos-recursos","status":"publish","type":"page","link":"https:\/\/www.ulusiada.pt\/clima\/ius-proprium-leis-gerais\/d-pedro-i\/lei-dos-recursos\/","title":{"rendered":"Lei dos recursos"},"content":{"rendered":"<p>Ordena\u00e7\u00e3o para que os que quiserem recorrer para el-rei, da senten\u00e7a que os seus sobrejuizes derem, que esses sobrejuizes lhe d\u00eaem os agravos, mas aquele que quiser agravar pague, antes, vinte e cinco libras na Chancelaria.<\/p>\n","protected":false},"excerpt":{"rendered":"<p>Ordena\u00e7\u00e3o para que os que quiserem recorrer para el-rei, da senten\u00e7a que os seus sobrejuizes derem, que esses sobrejuizes lhe d\u00eaem os agravos, mas aquele que quiser agravar pague, antes, vinte e cinco libras na Chancelaria.<\/p>\n","protected":false},"author":1,"featured_media":0,"parent":102,"menu_order":3,"comment_status":"closed","ping_status":"open","template":"lei-page.php","meta":[],"acf":[],"_links":{"self":[{"href":"https:\/\/www.ulusiada.pt\/clima\/wp-json\/wp\/v2\/pages\/830"}],"collection":[{"href":"https:\/\/www.ulusiada.pt\/clima\/wp-json\/wp\/v2\/pages"}],"about":[{"href":"https:\/\/www.ulusiada.pt\/clima\/wp-json\/wp\/v2\/types\/page"}],"author":[{"embeddable":true,"href":"https:\/\/www.ulusiada.pt\/clima\/wp-json\/wp\/v2\/users\/1"}],"replies":[{"embeddable":true,"href":"https:\/\/www.ulusiada.pt\/clima\/wp-json\/wp\/v2\/comments?post=830"}],"version-history":[{"count":4,"href":"https:\/\/www.ulusiada.pt\/clima\/wp-json\/wp\/v2\/pages\/830\/revisions"}],"predecessor-version":[{"id":832,"href":"https:\/\/www.ulusiada.pt\/clima\/wp-json\/wp\/v2\/pages\/830\/revisions\/832"}],"up":[{"embeddable":true,"href":"https:\/\/www.ulusiada.pt\/clima\/wp-json\/wp\/v2\/pages\/102"}],"wp:attachment":[{"href":"https:\/\/www.ulusiada.pt\/clima\/wp-json\/wp\/v2\/media?parent=830"}],"curies":[{"name":"wp","href":"https:\/\/api.w.org\/{rel}","templated":true}]}}