{"id":834,"date":"2012-04-24T10:13:06","date_gmt":"2012-04-24T10:13:06","guid":{"rendered":"http:\/\/www.ulusiada.pt\/clima\/?page_id=834"},"modified":"2012-04-27T14:07:15","modified_gmt":"2012-04-27T14:07:15","slug":"lei-dos-galinheiros-2","status":"publish","type":"page","link":"https:\/\/www.ulusiada.pt\/clima\/ius-proprium-leis-gerais\/d-pedro-i\/lei-dos-galinheiros-2\/","title":{"rendered":"Lei dos galinheiros"},"content":{"rendered":"<p>Ordena\u00e7\u00e3o que pro\u00edbe a tomada das galinhas, patos e outras viandas pelo pre\u00e7o que se tomavam para el-rei.<\/p>\n","protected":false},"excerpt":{"rendered":"<p>Ordena\u00e7\u00e3o que pro\u00edbe a tomada das galinhas, patos e outras viandas pelo pre\u00e7o que se tomavam para el-rei.<\/p>\n","protected":false},"author":1,"featured_media":0,"parent":102,"menu_order":4,"comment_status":"closed","ping_status":"open","template":"lei-page.php","meta":[],"acf":[],"_links":{"self":[{"href":"https:\/\/www.ulusiada.pt\/clima\/wp-json\/wp\/v2\/pages\/834"}],"collection":[{"href":"https:\/\/www.ulusiada.pt\/clima\/wp-json\/wp\/v2\/pages"}],"about":[{"href":"https:\/\/www.ulusiada.pt\/clima\/wp-json\/wp\/v2\/types\/page"}],"author":[{"embeddable":true,"href":"https:\/\/www.ulusiada.pt\/clima\/wp-json\/wp\/v2\/users\/1"}],"replies":[{"embeddable":true,"href":"https:\/\/www.ulusiada.pt\/clima\/wp-json\/wp\/v2\/comments?post=834"}],"version-history":[{"count":7,"href":"https:\/\/www.ulusiada.pt\/clima\/wp-json\/wp\/v2\/pages\/834\/revisions"}],"predecessor-version":[{"id":836,"href":"https:\/\/www.ulusiada.pt\/clima\/wp-json\/wp\/v2\/pages\/834\/revisions\/836"}],"up":[{"embeddable":true,"href":"https:\/\/www.ulusiada.pt\/clima\/wp-json\/wp\/v2\/pages\/102"}],"wp:attachment":[{"href":"https:\/\/www.ulusiada.pt\/clima\/wp-json\/wp\/v2\/media?parent=834"}],"curies":[{"name":"wp","href":"https:\/\/api.w.org\/{rel}","templated":true}]}}