{"id":842,"date":"2012-04-24T10:31:30","date_gmt":"2012-04-24T10:31:30","guid":{"rendered":"http:\/\/www.ulusiada.pt\/clima\/?page_id=842"},"modified":"2012-04-24T11:03:00","modified_gmt":"2012-04-24T11:03:00","slug":"lei-das-partilhas-entre-orfaos","status":"publish","type":"page","link":"https:\/\/www.ulusiada.pt\/clima\/ius-proprium-leis-gerais\/d-pedro-i\/lei-das-partilhas-entre-orfaos\/","title":{"rendered":"Lei das partilhas entre \u00f3rf\u00e3os"},"content":{"rendered":"<p>Ordena\u00e7\u00e3o que determina o modo de partilha entre \u00f3rf\u00e3os e seus pais.<\/p>\n","protected":false},"excerpt":{"rendered":"<p>Ordena\u00e7\u00e3o que determina o modo de partilha entre \u00f3rf\u00e3os e seus pais.<\/p>\n","protected":false},"author":1,"featured_media":0,"parent":102,"menu_order":6,"comment_status":"closed","ping_status":"open","template":"lei-page.php","meta":[],"acf":[],"_links":{"self":[{"href":"https:\/\/www.ulusiada.pt\/clima\/wp-json\/wp\/v2\/pages\/842"}],"collection":[{"href":"https:\/\/www.ulusiada.pt\/clima\/wp-json\/wp\/v2\/pages"}],"about":[{"href":"https:\/\/www.ulusiada.pt\/clima\/wp-json\/wp\/v2\/types\/page"}],"author":[{"embeddable":true,"href":"https:\/\/www.ulusiada.pt\/clima\/wp-json\/wp\/v2\/users\/1"}],"replies":[{"embeddable":true,"href":"https:\/\/www.ulusiada.pt\/clima\/wp-json\/wp\/v2\/comments?post=842"}],"version-history":[{"count":3,"href":"https:\/\/www.ulusiada.pt\/clima\/wp-json\/wp\/v2\/pages\/842\/revisions"}],"predecessor-version":[{"id":844,"href":"https:\/\/www.ulusiada.pt\/clima\/wp-json\/wp\/v2\/pages\/842\/revisions\/844"}],"up":[{"embeddable":true,"href":"https:\/\/www.ulusiada.pt\/clima\/wp-json\/wp\/v2\/pages\/102"}],"wp:attachment":[{"href":"https:\/\/www.ulusiada.pt\/clima\/wp-json\/wp\/v2\/media?parent=842"}],"curies":[{"name":"wp","href":"https:\/\/api.w.org\/{rel}","templated":true}]}}