{"id":869,"date":"2012-04-24T11:41:44","date_gmt":"2012-04-24T11:41:44","guid":{"rendered":"http:\/\/www.ulusiada.pt\/clima\/?page_id=869"},"modified":"2012-04-24T11:42:09","modified_gmt":"2012-04-24T11:42:09","slug":"lei-do-desembargo-das-peticoes-2","status":"publish","type":"page","link":"https:\/\/www.ulusiada.pt\/clima\/ius-proprium-leis-gerais\/d-pedro-i\/lei-do-desembargo-das-peticoes-2\/","title":{"rendered":"Lei do desembargo das peti\u00e7\u00f5es"},"content":{"rendered":"<p>Regimento (segundo) do desembargo das peti\u00e7\u00f5es.<\/p>\n","protected":false},"excerpt":{"rendered":"<p>Regimento (segundo) do desembargo das peti\u00e7\u00f5es.<\/p>\n","protected":false},"author":1,"featured_media":0,"parent":102,"menu_order":10,"comment_status":"closed","ping_status":"open","template":"lei-page.php","meta":[],"acf":[],"_links":{"self":[{"href":"https:\/\/www.ulusiada.pt\/clima\/wp-json\/wp\/v2\/pages\/869"}],"collection":[{"href":"https:\/\/www.ulusiada.pt\/clima\/wp-json\/wp\/v2\/pages"}],"about":[{"href":"https:\/\/www.ulusiada.pt\/clima\/wp-json\/wp\/v2\/types\/page"}],"author":[{"embeddable":true,"href":"https:\/\/www.ulusiada.pt\/clima\/wp-json\/wp\/v2\/users\/1"}],"replies":[{"embeddable":true,"href":"https:\/\/www.ulusiada.pt\/clima\/wp-json\/wp\/v2\/comments?post=869"}],"version-history":[{"count":3,"href":"https:\/\/www.ulusiada.pt\/clima\/wp-json\/wp\/v2\/pages\/869\/revisions"}],"predecessor-version":[{"id":871,"href":"https:\/\/www.ulusiada.pt\/clima\/wp-json\/wp\/v2\/pages\/869\/revisions\/871"}],"up":[{"embeddable":true,"href":"https:\/\/www.ulusiada.pt\/clima\/wp-json\/wp\/v2\/pages\/102"}],"wp:attachment":[{"href":"https:\/\/www.ulusiada.pt\/clima\/wp-json\/wp\/v2\/media?parent=869"}],"curies":[{"name":"wp","href":"https:\/\/api.w.org\/{rel}","templated":true}]}}