{"id":897,"date":"2012-04-24T15:48:40","date_gmt":"2012-04-24T15:48:40","guid":{"rendered":"http:\/\/www.ulusiada.pt\/clima\/?page_id=897"},"modified":"2012-04-25T14:41:18","modified_gmt":"2012-04-25T14:41:18","slug":"lei-de-recurso","status":"publish","type":"page","link":"https:\/\/www.ulusiada.pt\/clima\/ius-proprium-leis-gerais\/d-pedro-i\/lei-de-recurso\/","title":{"rendered":"Lei de recurso"},"content":{"rendered":"<p>Ordena\u00e7\u00e3o para que n\u00e3o seja enviada a el-rei uma peti\u00e7\u00e3o j\u00e1 por ele desembargada, salvo se for por outro facto<\/p>\n","protected":false},"excerpt":{"rendered":"<p>Ordena\u00e7\u00e3o para que n\u00e3o seja enviada a el-rei uma peti\u00e7\u00e3o j\u00e1 por ele desembargada, salvo se for por outro facto<\/p>\n","protected":false},"author":1,"featured_media":0,"parent":102,"menu_order":17,"comment_status":"closed","ping_status":"open","template":"lei-page.php","meta":[],"acf":[],"_links":{"self":[{"href":"https:\/\/www.ulusiada.pt\/clima\/wp-json\/wp\/v2\/pages\/897"}],"collection":[{"href":"https:\/\/www.ulusiada.pt\/clima\/wp-json\/wp\/v2\/pages"}],"about":[{"href":"https:\/\/www.ulusiada.pt\/clima\/wp-json\/wp\/v2\/types\/page"}],"author":[{"embeddable":true,"href":"https:\/\/www.ulusiada.pt\/clima\/wp-json\/wp\/v2\/users\/1"}],"replies":[{"embeddable":true,"href":"https:\/\/www.ulusiada.pt\/clima\/wp-json\/wp\/v2\/comments?post=897"}],"version-history":[{"count":4,"href":"https:\/\/www.ulusiada.pt\/clima\/wp-json\/wp\/v2\/pages\/897\/revisions"}],"predecessor-version":[{"id":899,"href":"https:\/\/www.ulusiada.pt\/clima\/wp-json\/wp\/v2\/pages\/897\/revisions\/899"}],"up":[{"embeddable":true,"href":"https:\/\/www.ulusiada.pt\/clima\/wp-json\/wp\/v2\/pages\/102"}],"wp:attachment":[{"href":"https:\/\/www.ulusiada.pt\/clima\/wp-json\/wp\/v2\/media?parent=897"}],"curies":[{"name":"wp","href":"https:\/\/api.w.org\/{rel}","templated":true}]}}