{"id":903,"date":"2012-04-24T15:55:43","date_gmt":"2012-04-24T15:55:43","guid":{"rendered":"http:\/\/www.ulusiada.pt\/clima\/?page_id=903"},"modified":"2012-04-25T13:36:23","modified_gmt":"2012-04-25T13:36:23","slug":"lei-da-conversacao","status":"publish","type":"page","link":"https:\/\/www.ulusiada.pt\/clima\/ius-proprium-leis-gerais\/d-pedro-i\/lei-da-conversacao\/","title":{"rendered":"Lei da conversa\u00e7\u00e3o"},"content":{"rendered":"<p>Lei para que as mulheres n\u00e3o tenham conversa com mouros ou judeus<\/p>\n","protected":false},"excerpt":{"rendered":"<p>Lei para que as mulheres n\u00e3o tenham conversa com mouros ou judeus<\/p>\n","protected":false},"author":1,"featured_media":0,"parent":102,"menu_order":19,"comment_status":"closed","ping_status":"open","template":"lei-page.php","meta":[],"acf":[],"_links":{"self":[{"href":"https:\/\/www.ulusiada.pt\/clima\/wp-json\/wp\/v2\/pages\/903"}],"collection":[{"href":"https:\/\/www.ulusiada.pt\/clima\/wp-json\/wp\/v2\/pages"}],"about":[{"href":"https:\/\/www.ulusiada.pt\/clima\/wp-json\/wp\/v2\/types\/page"}],"author":[{"embeddable":true,"href":"https:\/\/www.ulusiada.pt\/clima\/wp-json\/wp\/v2\/users\/1"}],"replies":[{"embeddable":true,"href":"https:\/\/www.ulusiada.pt\/clima\/wp-json\/wp\/v2\/comments?post=903"}],"version-history":[{"count":4,"href":"https:\/\/www.ulusiada.pt\/clima\/wp-json\/wp\/v2\/pages\/903\/revisions"}],"predecessor-version":[{"id":905,"href":"https:\/\/www.ulusiada.pt\/clima\/wp-json\/wp\/v2\/pages\/903\/revisions\/905"}],"up":[{"embeddable":true,"href":"https:\/\/www.ulusiada.pt\/clima\/wp-json\/wp\/v2\/pages\/102"}],"wp:attachment":[{"href":"https:\/\/www.ulusiada.pt\/clima\/wp-json\/wp\/v2\/media?parent=903"}],"curies":[{"name":"wp","href":"https:\/\/api.w.org\/{rel}","templated":true}]}}