{"id":910,"date":"2012-04-24T16:05:34","date_gmt":"2012-04-24T16:05:34","guid":{"rendered":"http:\/\/www.ulusiada.pt\/clima\/?page_id=910"},"modified":"2012-04-24T16:05:34","modified_gmt":"2012-04-24T16:05:34","slug":"lei-dos-salarios","status":"publish","type":"page","link":"https:\/\/www.ulusiada.pt\/clima\/ius-proprium-leis-gerais\/d-pedro-i\/lei-dos-salarios\/","title":{"rendered":"Lei dos sal\u00e1rios"},"content":{"rendered":"<p>Lei que estabelece a forma como os procuradores deviam receber os seus sal\u00e1rios, a saber, a ter\u00e7a parte quando o libelo for julgado, a outra parte quando as inquiri\u00e7\u00f5es forem abertas e publicadas e a outra ter\u00e7a quando o feito terminar com a senten\u00e7a definitiva.<\/p>\n","protected":false},"excerpt":{"rendered":"<p>Lei que estabelece a forma como os procuradores deviam receber os seus sal\u00e1rios, a saber, a ter\u00e7a parte quando o libelo for julgado, a outra parte quando as inquiri\u00e7\u00f5es forem abertas e publicadas e a outra ter\u00e7a quando o feito &hellip; <a href=\"https:\/\/www.ulusiada.pt\/clima\/ius-proprium-leis-gerais\/d-pedro-i\/lei-dos-salarios\/\">Continuar a ler <span class=\"meta-nav\">&rarr;<\/span><\/a><\/p>\n","protected":false},"author":1,"featured_media":0,"parent":102,"menu_order":21,"comment_status":"closed","ping_status":"open","template":"lei-page.php","meta":[],"acf":[],"_links":{"self":[{"href":"https:\/\/www.ulusiada.pt\/clima\/wp-json\/wp\/v2\/pages\/910"}],"collection":[{"href":"https:\/\/www.ulusiada.pt\/clima\/wp-json\/wp\/v2\/pages"}],"about":[{"href":"https:\/\/www.ulusiada.pt\/clima\/wp-json\/wp\/v2\/types\/page"}],"author":[{"embeddable":true,"href":"https:\/\/www.ulusiada.pt\/clima\/wp-json\/wp\/v2\/users\/1"}],"replies":[{"embeddable":true,"href":"https:\/\/www.ulusiada.pt\/clima\/wp-json\/wp\/v2\/comments?post=910"}],"version-history":[{"count":2,"href":"https:\/\/www.ulusiada.pt\/clima\/wp-json\/wp\/v2\/pages\/910\/revisions"}],"predecessor-version":[{"id":912,"href":"https:\/\/www.ulusiada.pt\/clima\/wp-json\/wp\/v2\/pages\/910\/revisions\/912"}],"up":[{"embeddable":true,"href":"https:\/\/www.ulusiada.pt\/clima\/wp-json\/wp\/v2\/pages\/102"}],"wp:attachment":[{"href":"https:\/\/www.ulusiada.pt\/clima\/wp-json\/wp\/v2\/media?parent=910"}],"curies":[{"name":"wp","href":"https:\/\/api.w.org\/{rel}","templated":true}]}}