{"id":916,"date":"2012-04-24T16:13:56","date_gmt":"2012-04-24T16:13:56","guid":{"rendered":"http:\/\/www.ulusiada.pt\/clima\/?page_id=916"},"modified":"2012-04-25T13:48:13","modified_gmt":"2012-04-25T13:48:13","slug":"lei-do-rouco","status":"publish","type":"page","link":"https:\/\/www.ulusiada.pt\/clima\/ius-proprium-leis-gerais\/d-pedro-i\/lei-do-rouco\/","title":{"rendered":"Lei do rou\u00e7o"},"content":{"rendered":"<p>Lei que imp\u00f5e determinada conduta \u00e0s mulheres for\u00e7adas, para que fique provado o crime de rou\u00e7o.<\/p>\n","protected":false},"excerpt":{"rendered":"<p>Lei que imp\u00f5e determinada conduta \u00e0s mulheres for\u00e7adas, para que fique provado o crime de rou\u00e7o.<\/p>\n","protected":false},"author":1,"featured_media":0,"parent":102,"menu_order":23,"comment_status":"closed","ping_status":"open","template":"lei-page.php","meta":[],"acf":[],"_links":{"self":[{"href":"https:\/\/www.ulusiada.pt\/clima\/wp-json\/wp\/v2\/pages\/916"}],"collection":[{"href":"https:\/\/www.ulusiada.pt\/clima\/wp-json\/wp\/v2\/pages"}],"about":[{"href":"https:\/\/www.ulusiada.pt\/clima\/wp-json\/wp\/v2\/types\/page"}],"author":[{"embeddable":true,"href":"https:\/\/www.ulusiada.pt\/clima\/wp-json\/wp\/v2\/users\/1"}],"replies":[{"embeddable":true,"href":"https:\/\/www.ulusiada.pt\/clima\/wp-json\/wp\/v2\/comments?post=916"}],"version-history":[{"count":3,"href":"https:\/\/www.ulusiada.pt\/clima\/wp-json\/wp\/v2\/pages\/916\/revisions"}],"predecessor-version":[{"id":918,"href":"https:\/\/www.ulusiada.pt\/clima\/wp-json\/wp\/v2\/pages\/916\/revisions\/918"}],"up":[{"embeddable":true,"href":"https:\/\/www.ulusiada.pt\/clima\/wp-json\/wp\/v2\/pages\/102"}],"wp:attachment":[{"href":"https:\/\/www.ulusiada.pt\/clima\/wp-json\/wp\/v2\/media?parent=916"}],"curies":[{"name":"wp","href":"https:\/\/api.w.org\/{rel}","templated":true}]}}