{"id":94,"date":"2012-03-06T12:28:50","date_gmt":"2012-03-06T12:28:50","guid":{"rendered":"http:\/\/www.ulusiada.pt\/clima\/?page_id=94"},"modified":"2012-10-14T16:20:34","modified_gmt":"2012-10-14T16:20:34","slug":"d-dinis","status":"publish","type":"page","link":"https:\/\/www.ulusiada.pt\/clima\/ius-proprium-leis-gerais\/d-dinis\/","title":{"rendered":"D. Dinis (1279-1325)"},"content":{"rendered":"<p><a href=\"http:\/\/www.ulusiada.pt\/clima\/wp-content\/uploads\/2012\/03\/01_dinis1.jpg\"><img decoding=\"async\" loading=\"lazy\" class=\"alignleft size-full wp-image-2863\" title=\"01_dinis\" src=\"http:\/\/www.ulusiada.pt\/clima\/wp-content\/uploads\/2012\/03\/01_dinis1.jpg\" alt=\"\" width=\"239\" height=\"300\" \/><\/a><\/p>\n<p><strong><\/strong><\/p>\n<p><strong>&#8220;e foy milhor rei que em Portugal ouve ate seu tempo. E logo como reinou come\u00e7ou a usar de justi\u00e7a por que corregesse muitas cousas que ficarom em mao uso do tempo de seu avoo e de seu padre&#8221;<\/strong><br \/>\n(Cr\u00f3nica de Portugal de 1419)<\/p>\n","protected":false},"excerpt":{"rendered":"<p>&#8220;e foy milhor rei que em Portugal ouve ate seu tempo. E logo como reinou come\u00e7ou a usar de justi\u00e7a por que corregesse muitas cousas que ficarom em mao uso do tempo de seu avoo e de seu padre&#8221; (Cr\u00f3nica &hellip; <a href=\"https:\/\/www.ulusiada.pt\/clima\/ius-proprium-leis-gerais\/d-dinis\/\">Continuar a ler <span class=\"meta-nav\">&rarr;<\/span><\/a><\/p>\n","protected":false},"author":1,"featured_media":0,"parent":63,"menu_order":6,"comment_status":"closed","ping_status":"closed","template":"rei-page.php","meta":[],"acf":[],"_links":{"self":[{"href":"https:\/\/www.ulusiada.pt\/clima\/wp-json\/wp\/v2\/pages\/94"}],"collection":[{"href":"https:\/\/www.ulusiada.pt\/clima\/wp-json\/wp\/v2\/pages"}],"about":[{"href":"https:\/\/www.ulusiada.pt\/clima\/wp-json\/wp\/v2\/types\/page"}],"author":[{"embeddable":true,"href":"https:\/\/www.ulusiada.pt\/clima\/wp-json\/wp\/v2\/users\/1"}],"replies":[{"embeddable":true,"href":"https:\/\/www.ulusiada.pt\/clima\/wp-json\/wp\/v2\/comments?post=94"}],"version-history":[{"count":5,"href":"https:\/\/www.ulusiada.pt\/clima\/wp-json\/wp\/v2\/pages\/94\/revisions"}],"predecessor-version":[{"id":1743,"href":"https:\/\/www.ulusiada.pt\/clima\/wp-json\/wp\/v2\/pages\/94\/revisions\/1743"}],"up":[{"embeddable":true,"href":"https:\/\/www.ulusiada.pt\/clima\/wp-json\/wp\/v2\/pages\/63"}],"wp:attachment":[{"href":"https:\/\/www.ulusiada.pt\/clima\/wp-json\/wp\/v2\/media?parent=94"}],"curies":[{"name":"wp","href":"https:\/\/api.w.org\/{rel}","templated":true}]}}