{"id":944,"date":"2012-04-25T14:03:59","date_gmt":"2012-04-25T14:03:59","guid":{"rendered":"http:\/\/www.ulusiada.pt\/clima\/?page_id=944"},"modified":"2012-04-25T14:05:55","modified_gmt":"2012-04-25T14:05:55","slug":"lei-dos-reguengos","status":"publish","type":"page","link":"https:\/\/www.ulusiada.pt\/clima\/ius-proprium-leis-gerais\/d-pedro-i\/lei-dos-reguengos\/","title":{"rendered":"Lei dos reguengos"},"content":{"rendered":"<p>Lei sobre as herdades adquiridas de novo, por d\u00edvida a\u00a0el-rei, para que n\u00e3o sejam incorporadas nos reguengos e n\u00e3o beneficiem dos privil\u00e9gios pr\u00f3prios destes, mantendo-se as servid\u00f5es como quando aquelas pertenciam aos vizinhos do concelho.<\/p>\n","protected":false},"excerpt":{"rendered":"<p>Lei sobre as herdades adquiridas de novo, por d\u00edvida a\u00a0el-rei, para que n\u00e3o sejam incorporadas nos reguengos e n\u00e3o beneficiem dos privil\u00e9gios pr\u00f3prios destes, mantendo-se as servid\u00f5es como quando aquelas pertenciam aos vizinhos do concelho.<\/p>\n","protected":false},"author":1,"featured_media":0,"parent":102,"menu_order":26,"comment_status":"closed","ping_status":"open","template":"lei-page.php","meta":[],"acf":[],"_links":{"self":[{"href":"https:\/\/www.ulusiada.pt\/clima\/wp-json\/wp\/v2\/pages\/944"}],"collection":[{"href":"https:\/\/www.ulusiada.pt\/clima\/wp-json\/wp\/v2\/pages"}],"about":[{"href":"https:\/\/www.ulusiada.pt\/clima\/wp-json\/wp\/v2\/types\/page"}],"author":[{"embeddable":true,"href":"https:\/\/www.ulusiada.pt\/clima\/wp-json\/wp\/v2\/users\/1"}],"replies":[{"embeddable":true,"href":"https:\/\/www.ulusiada.pt\/clima\/wp-json\/wp\/v2\/comments?post=944"}],"version-history":[{"count":4,"href":"https:\/\/www.ulusiada.pt\/clima\/wp-json\/wp\/v2\/pages\/944\/revisions"}],"predecessor-version":[{"id":946,"href":"https:\/\/www.ulusiada.pt\/clima\/wp-json\/wp\/v2\/pages\/944\/revisions\/946"}],"up":[{"embeddable":true,"href":"https:\/\/www.ulusiada.pt\/clima\/wp-json\/wp\/v2\/pages\/102"}],"wp:attachment":[{"href":"https:\/\/www.ulusiada.pt\/clima\/wp-json\/wp\/v2\/media?parent=944"}],"curies":[{"name":"wp","href":"https:\/\/api.w.org\/{rel}","templated":true}]}}