{"id":960,"date":"2012-04-26T13:16:42","date_gmt":"2012-04-26T13:16:42","guid":{"rendered":"http:\/\/www.ulusiada.pt\/clima\/?page_id=960"},"modified":"2012-04-30T12:08:48","modified_gmt":"2012-04-30T12:08:48","slug":"lei-dos-duelos","status":"publish","type":"page","link":"https:\/\/www.ulusiada.pt\/clima\/ius-proprium-leis-gerais\/d-afonso-iv\/lei-dos-duelos\/","title":{"rendered":"Lei dos duelos"},"content":{"rendered":"<p>Revoga\u00e7\u00e3o da lei de D. Dinis que pro\u00edbe os desafios entre fidalgos.<\/p>\n","protected":false},"excerpt":{"rendered":"<p>Revoga\u00e7\u00e3o da lei de D. Dinis que pro\u00edbe os desafios entre fidalgos.<\/p>\n","protected":false},"author":1,"featured_media":0,"parent":99,"menu_order":1,"comment_status":"closed","ping_status":"open","template":"lei-page.php","meta":[],"acf":[],"_links":{"self":[{"href":"https:\/\/www.ulusiada.pt\/clima\/wp-json\/wp\/v2\/pages\/960"}],"collection":[{"href":"https:\/\/www.ulusiada.pt\/clima\/wp-json\/wp\/v2\/pages"}],"about":[{"href":"https:\/\/www.ulusiada.pt\/clima\/wp-json\/wp\/v2\/types\/page"}],"author":[{"embeddable":true,"href":"https:\/\/www.ulusiada.pt\/clima\/wp-json\/wp\/v2\/users\/1"}],"replies":[{"embeddable":true,"href":"https:\/\/www.ulusiada.pt\/clima\/wp-json\/wp\/v2\/comments?post=960"}],"version-history":[{"count":10,"href":"https:\/\/www.ulusiada.pt\/clima\/wp-json\/wp\/v2\/pages\/960\/revisions"}],"predecessor-version":[{"id":962,"href":"https:\/\/www.ulusiada.pt\/clima\/wp-json\/wp\/v2\/pages\/960\/revisions\/962"}],"up":[{"embeddable":true,"href":"https:\/\/www.ulusiada.pt\/clima\/wp-json\/wp\/v2\/pages\/99"}],"wp:attachment":[{"href":"https:\/\/www.ulusiada.pt\/clima\/wp-json\/wp\/v2\/media?parent=960"}],"curies":[{"name":"wp","href":"https:\/\/api.w.org\/{rel}","templated":true}]}}