{"id":967,"date":"2012-04-26T15:11:31","date_gmt":"2012-04-26T15:11:31","guid":{"rendered":"http:\/\/www.ulusiada.pt\/clima\/?page_id=967"},"modified":"2012-04-26T17:05:35","modified_gmt":"2012-04-26T17:05:35","slug":"lei-da-vinganca-privada","status":"publish","type":"page","link":"https:\/\/www.ulusiada.pt\/clima\/ius-proprium-leis-gerais\/d-afonso-iv\/lei-da-vinganca-privada\/","title":{"rendered":"Lei da vingan\u00e7a privada"},"content":{"rendered":"<p>Que ningu\u00e9m, quer seja fidalgo ou vil\u00e3o, acoime nem tome <em>vindicta privata<\/em> por morte ou por mal, antes demande o seu direito perante o rei e as suas justi\u00e7as.<\/p>\n","protected":false},"excerpt":{"rendered":"<p>Que ningu\u00e9m, quer seja fidalgo ou vil\u00e3o, acoime nem tome vindicta privata por morte ou por mal, antes demande o seu direito perante o rei e as suas justi\u00e7as.<\/p>\n","protected":false},"author":1,"featured_media":0,"parent":99,"menu_order":2,"comment_status":"closed","ping_status":"open","template":"lei-page.php","meta":[],"acf":[],"_links":{"self":[{"href":"https:\/\/www.ulusiada.pt\/clima\/wp-json\/wp\/v2\/pages\/967"}],"collection":[{"href":"https:\/\/www.ulusiada.pt\/clima\/wp-json\/wp\/v2\/pages"}],"about":[{"href":"https:\/\/www.ulusiada.pt\/clima\/wp-json\/wp\/v2\/types\/page"}],"author":[{"embeddable":true,"href":"https:\/\/www.ulusiada.pt\/clima\/wp-json\/wp\/v2\/users\/1"}],"replies":[{"embeddable":true,"href":"https:\/\/www.ulusiada.pt\/clima\/wp-json\/wp\/v2\/comments?post=967"}],"version-history":[{"count":6,"href":"https:\/\/www.ulusiada.pt\/clima\/wp-json\/wp\/v2\/pages\/967\/revisions"}],"predecessor-version":[{"id":969,"href":"https:\/\/www.ulusiada.pt\/clima\/wp-json\/wp\/v2\/pages\/967\/revisions\/969"}],"up":[{"embeddable":true,"href":"https:\/\/www.ulusiada.pt\/clima\/wp-json\/wp\/v2\/pages\/99"}],"wp:attachment":[{"href":"https:\/\/www.ulusiada.pt\/clima\/wp-json\/wp\/v2\/media?parent=967"}],"curies":[{"name":"wp","href":"https:\/\/api.w.org\/{rel}","templated":true}]}}