{"id":982,"date":"2012-04-26T16:14:56","date_gmt":"2012-04-26T16:14:56","guid":{"rendered":"http:\/\/www.ulusiada.pt\/clima\/?page_id=982"},"modified":"2012-07-13T09:43:57","modified_gmt":"2012-07-13T09:43:57","slug":"lei-da-vinganca-privada-2","status":"publish","type":"page","link":"https:\/\/www.ulusiada.pt\/clima\/ius-proprium-leis-gerais\/d-afonso-iv\/lei-da-vinganca-privada-2\/","title":{"rendered":"Lei da vingan\u00e7a privada"},"content":{"rendered":"<p>Ordena\u00e7\u00f5es sobre os hom\u00edcidios, coimas e vindicta privata entre fidalgos.<\/p>\n","protected":false},"excerpt":{"rendered":"<p>Ordena\u00e7\u00f5es sobre os hom\u00edcidios, coimas e vindicta privata entre fidalgos.<\/p>\n","protected":false},"author":1,"featured_media":0,"parent":99,"menu_order":6,"comment_status":"closed","ping_status":"open","template":"lei-page.php","meta":[],"acf":[],"_links":{"self":[{"href":"https:\/\/www.ulusiada.pt\/clima\/wp-json\/wp\/v2\/pages\/982"}],"collection":[{"href":"https:\/\/www.ulusiada.pt\/clima\/wp-json\/wp\/v2\/pages"}],"about":[{"href":"https:\/\/www.ulusiada.pt\/clima\/wp-json\/wp\/v2\/types\/page"}],"author":[{"embeddable":true,"href":"https:\/\/www.ulusiada.pt\/clima\/wp-json\/wp\/v2\/users\/1"}],"replies":[{"embeddable":true,"href":"https:\/\/www.ulusiada.pt\/clima\/wp-json\/wp\/v2\/comments?post=982"}],"version-history":[{"count":10,"href":"https:\/\/www.ulusiada.pt\/clima\/wp-json\/wp\/v2\/pages\/982\/revisions"}],"predecessor-version":[{"id":984,"href":"https:\/\/www.ulusiada.pt\/clima\/wp-json\/wp\/v2\/pages\/982\/revisions\/984"}],"up":[{"embeddable":true,"href":"https:\/\/www.ulusiada.pt\/clima\/wp-json\/wp\/v2\/pages\/99"}],"wp:attachment":[{"href":"https:\/\/www.ulusiada.pt\/clima\/wp-json\/wp\/v2\/media?parent=982"}],"curies":[{"name":"wp","href":"https:\/\/api.w.org\/{rel}","templated":true}]}}