{"id":99,"date":"2012-03-06T12:34:18","date_gmt":"2012-03-06T12:34:18","guid":{"rendered":"http:\/\/www.ulusiada.pt\/clima\/?page_id=99"},"modified":"2012-10-09T16:25:14","modified_gmt":"2012-10-09T16:25:14","slug":"d-afonso-iv","status":"publish","type":"page","link":"https:\/\/www.ulusiada.pt\/clima\/ius-proprium-leis-gerais\/d-afonso-iv\/","title":{"rendered":"D. Afonso IV (1325-1357)"},"content":{"rendered":"<p><a href=\"http:\/\/www.ulusiada.pt\/clima\/wp-content\/uploads\/2012\/03\/01_afonso41.jpg\"><img decoding=\"async\" loading=\"lazy\" class=\"alignleft size-full wp-image-2865\" title=\"01_afonso4\" src=\"http:\/\/www.ulusiada.pt\/clima\/wp-content\/uploads\/2012\/03\/01_afonso41.jpg\" alt=\"\" width=\"239\" height=\"300\" \/><\/a><strong>&#8220;Aqui sse comecam as Lex E costito\u00e7o\u00f5es E hordena\u00e7o\u00f5es que fez o mui nobre Rey dom affonso ho quarto&#8221;<\/strong><br \/>\n(Ordena\u00e7\u00f5es de D. Duarte, p. 310)<\/p>\n","protected":false},"excerpt":{"rendered":"<p>&#8220;Aqui sse comecam as Lex E costito\u00e7o\u00f5es E hordena\u00e7o\u00f5es que fez o mui nobre Rey dom affonso ho quarto&#8221; (Ordena\u00e7\u00f5es de D. Duarte, p. 310)<\/p>\n","protected":false},"author":1,"featured_media":0,"parent":63,"menu_order":7,"comment_status":"closed","ping_status":"closed","template":"rei-page.php","meta":[],"acf":[],"_links":{"self":[{"href":"https:\/\/www.ulusiada.pt\/clima\/wp-json\/wp\/v2\/pages\/99"}],"collection":[{"href":"https:\/\/www.ulusiada.pt\/clima\/wp-json\/wp\/v2\/pages"}],"about":[{"href":"https:\/\/www.ulusiada.pt\/clima\/wp-json\/wp\/v2\/types\/page"}],"author":[{"embeddable":true,"href":"https:\/\/www.ulusiada.pt\/clima\/wp-json\/wp\/v2\/users\/1"}],"replies":[{"embeddable":true,"href":"https:\/\/www.ulusiada.pt\/clima\/wp-json\/wp\/v2\/comments?post=99"}],"version-history":[{"count":5,"href":"https:\/\/www.ulusiada.pt\/clima\/wp-json\/wp\/v2\/pages\/99\/revisions"}],"predecessor-version":[{"id":964,"href":"https:\/\/www.ulusiada.pt\/clima\/wp-json\/wp\/v2\/pages\/99\/revisions\/964"}],"up":[{"embeddable":true,"href":"https:\/\/www.ulusiada.pt\/clima\/wp-json\/wp\/v2\/pages\/63"}],"wp:attachment":[{"href":"https:\/\/www.ulusiada.pt\/clima\/wp-json\/wp\/v2\/media?parent=99"}],"curies":[{"name":"wp","href":"https:\/\/api.w.org\/{rel}","templated":true}]}}